{"id":2213,"date":"2025-08-12T11:55:30","date_gmt":"2025-08-12T14:55:30","guid":{"rendered":"https:\/\/ravendesignestudio.com\/?page_id=2213"},"modified":"2025-12-26T13:16:50","modified_gmt":"2025-12-26T16:16:50","slug":"quien-soy","status":"publish","type":"page","link":"https:\/\/ravendesignestudio.com\/index.php\/quien-soy\/","title":{"rendered":"About"},"content":{"rendered":"<p>[et_pb_section fb_built=&#8221;1&#8243; admin_label=&#8221;Header&#8221; _builder_version=&#8221;4.27.4&#8243; _module_preset=&#8221;b1a0a427-ec6a-4693-a027-5fb8c5a01c86&#8243; custom_padding=&#8221;||33px||false|false&#8221; locked=&#8221;off&#8221; collapsed=&#8221;on&#8221; global_colors_info=&#8221;{%22gcid-primary-color%22:%91%22background_color_gradient_stops%22%93,%22gcid-418b12f9-aa57-4c8b-9c96-767bd18a7686%22:%91%22background_color_gradient_stops%22%93}&#8221;][et_pb_row _builder_version=&#8221;4.27.4&#8243; _module_preset=&#8221;default&#8221; global_colors_info=&#8221;{}&#8221;][et_pb_column type=&#8221;4_4&#8243; _builder_version=&#8221;4.27.4&#8243; _module_preset=&#8221;default&#8221; global_colors_info=&#8221;{}&#8221;][et_pb_heading title=&#8221;Quien Soy?&#8221; _builder_version=&#8221;4.27.5&#8243; _module_preset=&#8221;7f01cdaa-9ab5-416e-82f0-05f8d604c7d7&#8243; title_text_color=&#8221;#FFFFFF&#8221; global_colors_info=&#8221;{}&#8221;][\/et_pb_heading][et_pb_text _builder_version=&#8221;4.27.5&#8243; _module_preset=&#8221;a6531986-c94c-41af-9842-c7e06e8561fb&#8221; global_colors_info=&#8221;{}&#8221;]<\/p>\n<p>Trabajo como <strong data-start=\"468\" data-end=\"514\">Full Stack Marketer orientada a resultados<\/strong>.<br data-start=\"515\" data-end=\"518\" \/>Dise\u00f1o, implemento y optimizo <strong data-start=\"548\" data-end=\"595\">sistemas completos de captaci\u00f3n de clientes<\/strong>, combinando desarrollo web, landings y campa\u00f1as en Google Ads, SEO y Meta Ads.<br data-start=\"674\" data-end=\"677\" \/><br \/>Mi foco no est\u00e1 en la herramienta, sino en <strong data-start=\"729\" data-end=\"777\">generar consultas reales y ventas sostenidas<\/strong>.<\/p>\n<p>[\/et_pb_text][\/et_pb_column][\/et_pb_row][et_pb_row _builder_version=&#8221;4.27.5&#8243; _module_preset=&#8221;default&#8221; global_colors_info=&#8221;{}&#8221;][et_pb_column type=&#8221;4_4&#8243; _builder_version=&#8221;4.27.5&#8243; _module_preset=&#8221;default&#8221; global_colors_info=&#8221;{}&#8221;][et_pb_image src=&#8221;https:\/\/ravendesignestudio.com\/wp-content\/uploads\/2025\/12\/ChatGPT-Image-25-dic-2025-12_31_03.png&#8221; title_text=&#8221;ChatGPT Image 25 dic 2025, 12_31_03&#8243; _builder_version=&#8221;4.27.5&#8243; _module_preset=&#8221;default&#8221; hover_enabled=&#8221;0&#8243; global_colors_info=&#8221;{}&#8221; sticky_enabled=&#8221;0&#8243;][\/et_pb_image][\/et_pb_column][\/et_pb_row][et_pb_row _builder_version=&#8221;4.27.5&#8243; _module_preset=&#8221;default&#8221; global_colors_info=&#8221;{}&#8221;][et_pb_column type=&#8221;4_4&#8243; _builder_version=&#8221;4.27.5&#8243; _module_preset=&#8221;default&#8221; global_colors_info=&#8221;{}&#8221;][et_pb_text _builder_version=&#8221;4.27.5&#8243; _module_preset=&#8221;default&#8221; text_text_color=&#8221;#FFFFFF&#8221; custom_margin=&#8221;||-10px|||&#8221; custom_padding=&#8221;||0px|||&#8221; hover_enabled=&#8221;0&#8243; global_colors_info=&#8221;{}&#8221; sticky_enabled=&#8221;0&#8243;]<\/p>\n<p data-start=\"193\" data-end=\"390\">Trabajo en <strong data-start=\"204\" data-end=\"259\">marketing digital orientado a resultados desde 2010<\/strong>, creando y optimizando <strong data-start=\"283\" data-end=\"320\">sistemas de captaci\u00f3n de clientes<\/strong> para empresas y profesionales del rubro <strong data-start=\"361\" data-end=\"389\">construcci\u00f3n y servicios<\/strong>.<\/p>\n<p data-start=\"392\" data-end=\"547\">A lo largo de estos a\u00f1os he trabajado con <strong data-start=\"434\" data-end=\"467\">distintas empresas del sector<\/strong>, lo que me permiti\u00f3 conocer el negocio desde adentro y entender en profundidad:<\/p>\n<ul data-start=\"548\" data-end=\"676\">\n<li data-start=\"548\" data-end=\"577\">\n<p data-start=\"550\" data-end=\"577\">C\u00f3mo piensan los clientes<\/p>\n<\/li>\n<li data-start=\"578\" data-end=\"604\">\n<p data-start=\"580\" data-end=\"604\">C\u00f3mo buscan soluciones<\/p>\n<\/li>\n<li data-start=\"605\" data-end=\"676\">\n<p data-start=\"607\" data-end=\"676\">Qu\u00e9 factores influyen realmente en la decisi\u00f3n de contacto y compra<\/p>\n<\/li>\n<\/ul>\n<p data-start=\"678\" data-end=\"857\">Esa experiencia se traduce en <strong data-start=\"708\" data-end=\"747\">estrategias pr\u00e1cticas y accionables<\/strong>, enfocadas en generar <strong data-start=\"770\" data-end=\"828\">consultas reales y oportunidades comerciales concretas<\/strong>, no solo en dise\u00f1o o teor\u00eda.<\/p>\n<p data-start=\"859\" data-end=\"1010\">Mi enfoque es <strong data-start=\"873\" data-end=\"897\">Full Stack Marketing<\/strong>: no ejecuto acciones aisladas.<br data-start=\"928\" data-end=\"931\" \/>Dise\u00f1o, implemento y optimizo el <strong data-start=\"964\" data-end=\"997\">sistema completo de captaci\u00f3n<\/strong>, integrando:<\/p>\n<ul data-start=\"1011\" data-end=\"1140\">\n<li data-start=\"1011\" data-end=\"1052\">\n<p data-start=\"1013\" data-end=\"1052\">P\u00e1ginas web y landings que convierten<\/p>\n<\/li>\n<li data-start=\"1053\" data-end=\"1090\">\n<p data-start=\"1055\" data-end=\"1090\">Campa\u00f1as en Google Ads y Meta Ads<\/p>\n<\/li>\n<li data-start=\"1091\" data-end=\"1140\">\n<p data-start=\"1093\" data-end=\"1140\">Seguimiento, medici\u00f3n y optimizaci\u00f3n continua<\/p>\n<\/li>\n<\/ul>\n<p data-start=\"1142\" data-end=\"1269\">Cada parte trabaja de forma coordinada con un \u00fanico objetivo: <strong data-start=\"1204\" data-end=\"1268\">atraer clientes que realmente buscan contratar tus servicios<\/strong>.<\/p>\n<hr data-start=\"1271\" data-end=\"1274\" \/>\n<h3 data-start=\"1276\" data-end=\"1338\"><\/h3>\n<p data-start=\"1340\" data-end=\"1526\">Trabajo desde <strong data-start=\"1354\" data-end=\"1469\">2010 ayudando a empresas y profesionales de la construcci\u00f3n y servicios a conseguir clientes de forma constante<\/strong>, a trav\u00e9s de sistemas digitales pensados para convertir.<\/p>\n<p data-start=\"1528\" data-end=\"1715\">No hago acciones sueltas: <strong data-start=\"1554\" data-end=\"1589\">armo y optimizo todo el proceso<\/strong>, desde la p\u00e1gina web hasta la publicidad y la medici\u00f3n, para que cada inversi\u00f3n se traduzca en <strong data-start=\"1685\" data-end=\"1714\">consultas reales y ventas<\/strong>.<\/p>\n<blockquote data-start=\"1552\" data-end=\"2182\"><\/blockquote>\n<blockquote data-start=\"2184\" data-end=\"2528\">\n<p data-start=\"2421\" data-end=\"2528\"><\/blockquote>\n<p>[\/et_pb_text][\/et_pb_column][\/et_pb_row][\/et_pb_section][et_pb_section fb_built=&#8221;1&#8243; _builder_version=&#8221;4.27.5&#8243; _module_preset=&#8221;default&#8221; global_colors_info=&#8221;{}&#8221;][et_pb_row _builder_version=&#8221;4.27.5&#8243; _module_preset=&#8221;default&#8221; global_colors_info=&#8221;{}&#8221;][et_pb_column type=&#8221;4_4&#8243; _builder_version=&#8221;4.27.5&#8243; _module_preset=&#8221;default&#8221; global_colors_info=&#8221;{}&#8221;][et_pb_text _builder_version=&#8221;4.27.5&#8243; _module_preset=&#8221;default&#8221; global_colors_info=&#8221;{}&#8221;]<\/p>\n<h2 style=\"text-align: center;\"><span style=\"color: #333300;\">No vendo marketing. Construyo sistemas que convierten visitas en clientes.<\/span><\/h2>\n<p>[\/et_pb_text][\/et_pb_column][\/et_pb_row][\/et_pb_section]<\/p>\n","protected":false},"excerpt":{"rendered":"<p>Trabajo como Full Stack Marketer orientada a resultados.Dise\u00f1o, implemento y optimizo sistemas completos de captaci\u00f3n de clientes, combinando desarrollo web, landings y campa\u00f1as en Google Ads, SEO y Meta Ads.Mi foco no est\u00e1 en la herramienta, sino en generar consultas reales y ventas sostenidas.Trabajo en marketing digital orientado a resultados desde 2010, creando y optimizando [&hellip;]<\/p>\n","protected":false},"author":1,"featured_media":0,"parent":0,"menu_order":0,"comment_status":"closed","ping_status":"closed","template":"","meta":{"_et_pb_use_builder":"on","_et_pb_old_content":"","_et_gb_content_width":"","_uag_custom_page_level_css":"","_joinchat":[],"footnotes":""},"class_list":["post-2213","page","type-page","status-publish","hentry"],"yoast_head":"<!-- This site is optimized with the Yoast SEO plugin v27.4 - https:\/\/yoast.com\/product\/yoast-seo-wordpress\/ -->\n<title>About - DESARROLLO DE PAGINAS WEB<\/title>\n<meta name=\"description\" content=\"DESARROLLO WEB- Elegimos juntos cada detalle de su sitio y la campa\u00f1a de marketing mas conveniente para su empresa. +54 91168650293\" \/>\n<meta name=\"robots\" content=\"index, follow, max-snippet:-1, max-image-preview:large, max-video-preview:-1\" \/>\n<link rel=\"canonical\" href=\"https:\/\/ravendesignestudio.com\/index.php\/quien-soy\/\" \/>\n<meta property=\"og:locale\" content=\"en_US\" \/>\n<meta property=\"og:type\" content=\"article\" \/>\n<meta property=\"og:title\" content=\"About - DESARROLLO DE PAGINAS WEB\" \/>\n<meta property=\"og:description\" content=\"DESARROLLO WEB- Elegimos juntos cada detalle de su sitio y la campa\u00f1a de marketing mas conveniente para su empresa. +54 91168650293\" \/>\n<meta property=\"og:url\" content=\"https:\/\/ravendesignestudio.com\/index.php\/quien-soy\/\" \/>\n<meta property=\"og:site_name\" content=\"DESARROLLO DE PAGINAS WEB\" \/>\n<meta property=\"article:modified_time\" content=\"2025-12-26T16:16:50+00:00\" \/>\n<meta property=\"og:image\" content=\"https:\/\/ravendesignestudio.com\/wp-content\/uploads\/2023\/06\/cropped-Diseno-sin-titulo-10-2.png\" \/>\n\t<meta property=\"og:image:width\" content=\"512\" \/>\n\t<meta property=\"og:image:height\" content=\"512\" \/>\n\t<meta property=\"og:image:type\" content=\"image\/png\" \/>\n<meta name=\"twitter:card\" content=\"summary_large_image\" \/>\n<meta name=\"twitter:label1\" content=\"Est. reading time\" \/>\n\t<meta name=\"twitter:data1\" content=\"4 minutes\" \/>\n<script type=\"application\/ld+json\" class=\"yoast-schema-graph\">{\"@context\":\"https:\\\/\\\/schema.org\",\"@graph\":[{\"@type\":\"WebPage\",\"@id\":\"https:\\\/\\\/ravendesignestudio.com\\\/index.php\\\/quien-soy\\\/\",\"url\":\"https:\\\/\\\/ravendesignestudio.com\\\/index.php\\\/quien-soy\\\/\",\"name\":\"About - DESARROLLO DE PAGINAS WEB\",\"isPartOf\":{\"@id\":\"https:\\\/\\\/ravendesignestudio.com\\\/#website\"},\"datePublished\":\"2025-08-12T14:55:30+00:00\",\"dateModified\":\"2025-12-26T16:16:50+00:00\",\"description\":\"DESARROLLO WEB- Elegimos juntos cada detalle de su sitio y la campa\u00f1a de marketing mas conveniente para su empresa. +54 91168650293\",\"breadcrumb\":{\"@id\":\"https:\\\/\\\/ravendesignestudio.com\\\/index.php\\\/quien-soy\\\/#breadcrumb\"},\"inLanguage\":\"en-US\",\"potentialAction\":[{\"@type\":\"ReadAction\",\"target\":[\"https:\\\/\\\/ravendesignestudio.com\\\/index.php\\\/quien-soy\\\/\"]}]},{\"@type\":\"BreadcrumbList\",\"@id\":\"https:\\\/\\\/ravendesignestudio.com\\\/index.php\\\/quien-soy\\\/#breadcrumb\",\"itemListElement\":[{\"@type\":\"ListItem\",\"position\":1,\"name\":\"Inicio\",\"item\":\"https:\\\/\\\/ravendesignestudio.com\\\/\"},{\"@type\":\"ListItem\",\"position\":2,\"name\":\"About\"}]},{\"@type\":\"WebSite\",\"@id\":\"https:\\\/\\\/ravendesignestudio.com\\\/#website\",\"url\":\"https:\\\/\\\/ravendesignestudio.com\\\/\",\"name\":\"Raven Design Estudio\",\"description\":\"Dise\u00f1o de pagina web\",\"publisher\":{\"@id\":\"https:\\\/\\\/ravendesignestudio.com\\\/#organization\"},\"alternateName\":\"Desarrollo de paginas web\",\"potentialAction\":[{\"@type\":\"SearchAction\",\"target\":{\"@type\":\"EntryPoint\",\"urlTemplate\":\"https:\\\/\\\/ravendesignestudio.com\\\/?s={search_term_string}\"},\"query-input\":{\"@type\":\"PropertyValueSpecification\",\"valueRequired\":true,\"valueName\":\"search_term_string\"}}],\"inLanguage\":\"en-US\"},{\"@type\":\"Organization\",\"@id\":\"https:\\\/\\\/ravendesignestudio.com\\\/#organization\",\"name\":\"Raven Design Estudio\",\"alternateName\":\"Dise\u00f1o de paginas web\",\"url\":\"https:\\\/\\\/ravendesignestudio.com\\\/\",\"logo\":{\"@type\":\"ImageObject\",\"inLanguage\":\"en-US\",\"@id\":\"https:\\\/\\\/ravendesignestudio.com\\\/#\\\/schema\\\/logo\\\/image\\\/\",\"url\":\"https:\\\/\\\/ravendesignestudio.com\\\/wp-content\\\/uploads\\\/2023\\\/06\\\/cropped-logoravendesign.png\",\"contentUrl\":\"https:\\\/\\\/ravendesignestudio.com\\\/wp-content\\\/uploads\\\/2023\\\/06\\\/cropped-logoravendesign.png\",\"width\":380,\"height\":355,\"caption\":\"Raven Design Estudio\"},\"image\":{\"@id\":\"https:\\\/\\\/ravendesignestudio.com\\\/#\\\/schema\\\/logo\\\/image\\\/\"}}]}<\/script>\n<!-- \/ Yoast SEO plugin. -->","yoast_head_json":{"title":"About - DESARROLLO DE PAGINAS WEB","description":"DESARROLLO WEB- Elegimos juntos cada detalle de su sitio y la campa\u00f1a de marketing mas conveniente para su empresa. +54 91168650293","robots":{"index":"index","follow":"follow","max-snippet":"max-snippet:-1","max-image-preview":"max-image-preview:large","max-video-preview":"max-video-preview:-1"},"canonical":"https:\/\/ravendesignestudio.com\/index.php\/quien-soy\/","og_locale":"en_US","og_type":"article","og_title":"About - DESARROLLO DE PAGINAS WEB","og_description":"DESARROLLO WEB- Elegimos juntos cada detalle de su sitio y la campa\u00f1a de marketing mas conveniente para su empresa. +54 91168650293","og_url":"https:\/\/ravendesignestudio.com\/index.php\/quien-soy\/","og_site_name":"DESARROLLO DE PAGINAS WEB","article_modified_time":"2025-12-26T16:16:50+00:00","og_image":[{"width":512,"height":512,"url":"https:\/\/ravendesignestudio.com\/wp-content\/uploads\/2023\/06\/cropped-Diseno-sin-titulo-10-2.png","type":"image\/png"}],"twitter_card":"summary_large_image","twitter_misc":{"Est. reading time":"4 minutes"},"schema":{"@context":"https:\/\/schema.org","@graph":[{"@type":"WebPage","@id":"https:\/\/ravendesignestudio.com\/index.php\/quien-soy\/","url":"https:\/\/ravendesignestudio.com\/index.php\/quien-soy\/","name":"About - DESARROLLO DE PAGINAS WEB","isPartOf":{"@id":"https:\/\/ravendesignestudio.com\/#website"},"datePublished":"2025-08-12T14:55:30+00:00","dateModified":"2025-12-26T16:16:50+00:00","description":"DESARROLLO WEB- Elegimos juntos cada detalle de su sitio y la campa\u00f1a de marketing mas conveniente para su empresa. +54 91168650293","breadcrumb":{"@id":"https:\/\/ravendesignestudio.com\/index.php\/quien-soy\/#breadcrumb"},"inLanguage":"en-US","potentialAction":[{"@type":"ReadAction","target":["https:\/\/ravendesignestudio.com\/index.php\/quien-soy\/"]}]},{"@type":"BreadcrumbList","@id":"https:\/\/ravendesignestudio.com\/index.php\/quien-soy\/#breadcrumb","itemListElement":[{"@type":"ListItem","position":1,"name":"Inicio","item":"https:\/\/ravendesignestudio.com\/"},{"@type":"ListItem","position":2,"name":"About"}]},{"@type":"WebSite","@id":"https:\/\/ravendesignestudio.com\/#website","url":"https:\/\/ravendesignestudio.com\/","name":"Raven Design Estudio","description":"Dise\u00f1o de pagina web","publisher":{"@id":"https:\/\/ravendesignestudio.com\/#organization"},"alternateName":"Desarrollo de paginas web","potentialAction":[{"@type":"SearchAction","target":{"@type":"EntryPoint","urlTemplate":"https:\/\/ravendesignestudio.com\/?s={search_term_string}"},"query-input":{"@type":"PropertyValueSpecification","valueRequired":true,"valueName":"search_term_string"}}],"inLanguage":"en-US"},{"@type":"Organization","@id":"https:\/\/ravendesignestudio.com\/#organization","name":"Raven Design Estudio","alternateName":"Dise\u00f1o de paginas web","url":"https:\/\/ravendesignestudio.com\/","logo":{"@type":"ImageObject","inLanguage":"en-US","@id":"https:\/\/ravendesignestudio.com\/#\/schema\/logo\/image\/","url":"https:\/\/ravendesignestudio.com\/wp-content\/uploads\/2023\/06\/cropped-logoravendesign.png","contentUrl":"https:\/\/ravendesignestudio.com\/wp-content\/uploads\/2023\/06\/cropped-logoravendesign.png","width":380,"height":355,"caption":"Raven Design Estudio"},"image":{"@id":"https:\/\/ravendesignestudio.com\/#\/schema\/logo\/image\/"}}]}},"_hostinger_reach_plugin_has_subscription_block":false,"_hostinger_reach_plugin_is_elementor":false,"uagb_featured_image_src":{"full":false,"thumbnail":false,"medium":false,"medium_large":false,"large":false,"1536x1536":false,"2048x2048":false,"et-pb-post-main-image":false,"et-pb-post-main-image-fullwidth":false,"et-pb-portfolio-image":false,"et-pb-portfolio-module-image":false,"et-pb-portfolio-image-single":false,"et-pb-gallery-module-image-portrait":false,"et-pb-post-main-image-fullwidth-large":false,"et-pb-image--responsive--desktop":false,"et-pb-image--responsive--tablet":false,"et-pb-image--responsive--phone":false,"woocommerce_thumbnail":false,"woocommerce_single":false,"woocommerce_gallery_thumbnail":false},"uagb_author_info":{"display_name":"Posicionamiento Web","author_link":"https:\/\/ravendesignestudio.com\/index.php\/author\/ravendesignestudio-com\/"},"uagb_comment_info":0,"uagb_excerpt":"Trabajo como Full Stack Marketer orientada a resultados.Dise\u00f1o, implemento y optimizo sistemas completos de captaci\u00f3n de clientes, combinando desarrollo web, landings y campa\u00f1as en Google Ads, SEO y Meta Ads.Mi foco no est\u00e1 en la herramienta, sino en generar consultas reales y ventas sostenidas.Trabajo en marketing digital orientado a resultados desde 2010, creando y optimizando&hellip;","_links":{"self":[{"href":"https:\/\/ravendesignestudio.com\/index.php\/wp-json\/wp\/v2\/pages\/2213","targetHints":{"allow":["GET"]}}],"collection":[{"href":"https:\/\/ravendesignestudio.com\/index.php\/wp-json\/wp\/v2\/pages"}],"about":[{"href":"https:\/\/ravendesignestudio.com\/index.php\/wp-json\/wp\/v2\/types\/page"}],"author":[{"embeddable":true,"href":"https:\/\/ravendesignestudio.com\/index.php\/wp-json\/wp\/v2\/users\/1"}],"replies":[{"embeddable":true,"href":"https:\/\/ravendesignestudio.com\/index.php\/wp-json\/wp\/v2\/comments?post=2213"}],"version-history":[{"count":11,"href":"https:\/\/ravendesignestudio.com\/index.php\/wp-json\/wp\/v2\/pages\/2213\/revisions"}],"predecessor-version":[{"id":2407,"href":"https:\/\/ravendesignestudio.com\/index.php\/wp-json\/wp\/v2\/pages\/2213\/revisions\/2407"}],"wp:attachment":[{"href":"https:\/\/ravendesignestudio.com\/index.php\/wp-json\/wp\/v2\/media?parent=2213"}],"curies":[{"name":"wp","href":"https:\/\/api.w.org\/{rel}","templated":true}]}}