{"id":2215,"date":"2025-08-12T11:55:30","date_gmt":"2025-08-12T14:55:30","guid":{"rendered":"https:\/\/ravendesignestudio.com\/?page_id=2215"},"modified":"2025-12-25T20:10:22","modified_gmt":"2025-12-25T23:10:22","slug":"como-trabajo","status":"publish","type":"page","link":"https:\/\/ravendesignestudio.com\/index.php\/como-trabajo\/","title":{"rendered":"Features"},"content":{"rendered":"\n[et_pb_section fb_built=&#8221;1&#8243; admin_label=&#8221;Header&#8221; _builder_version=&#8221;4.27.4&#8243; _module_preset=&#8221;b1a0a427-ec6a-4693-a027-5fb8c5a01c86&#8243; collapsed=&#8221;on&#8221; global_colors_info=&#8221;{%22gcid-primary-color%22:%91%22background_color_gradient_stops%22%93,%22gcid-418b12f9-aa57-4c8b-9c96-767bd18a7686%22:%91%22background_color_gradient_stops%22%93}&#8221;][et_pb_row column_structure=&#8221;1_2,1_2&#8243; _builder_version=&#8221;4.27.4&#8243; _module_preset=&#8221;default&#8221; global_colors_info=&#8221;{}&#8221;][et_pb_column type=&#8221;1_2&#8243; _builder_version=&#8221;4.27.4&#8243; _module_preset=&#8221;default&#8221; global_colors_info=&#8221;{}&#8221;][et_pb_heading title=&#8221;Por que trabajar conmigo?&#8221; _builder_version=&#8221;4.27.5&#8243; _module_preset=&#8221;7f01cdaa-9ab5-416e-82f0-05f8d604c7d7&#8243; title_text_color=&#8221;#FFFFFF&#8221; hover_enabled=&#8221;0&#8243; global_colors_info=&#8221;{}&#8221; sticky_enabled=&#8221;0&#8243;][\/et_pb_heading][et_pb_button button_text=&#8221;contame tu proyecto&#8221; _builder_version=&#8221;4.27.5&#8243; _module_preset=&#8221;a753a4d3-541c-4975-9c45-dc691f236c20&#8243; hover_enabled=&#8221;0&#8243; locked=&#8221;off&#8221; global_colors_info=&#8221;{}&#8221; sticky_enabled=&#8221;0&#8243;][\/et_pb_button][\/et_pb_column][et_pb_column type=&#8221;1_2&#8243; _builder_version=&#8221;4.27.4&#8243; _module_preset=&#8221;default&#8221; global_colors_info=&#8221;{}&#8221;][et_pb_image src=&#8221;https:\/\/ravendesignestudio.com\/wp-content\/uploads\/2024\/11\/Sitio-Web-Link-en-Bio-Tecnologia-y-Gaming-Sencillo-Azul-Oscuro.jpg&#8221; title_text=&#8221;Sitio Web Link en Bio Tecnolog\u00eda y Gaming Sencillo Azul Oscuro&#8221; _builder_version=&#8221;4.27.5&#8243; _module_preset=&#8221;2fe2f521-f6fb-47d6-82d1-4c22d3724ad9&#8243; hover_enabled=&#8221;0&#8243; box_shadow_style=&#8221;preset4&#8243; box_shadow_horizontal=&#8221;0px&#8221; box_shadow_vertical=&#8221;40px&#8221; box_shadow_blur=&#8221;30px&#8221; box_shadow_spread=&#8221;-20px&#8221; global_colors_info=&#8221;{}&#8221; sticky_enabled=&#8221;0&#8243;][\/et_pb_image][\/et_pb_column][\/et_pb_row][\/et_pb_section][et_pb_section fb_built=&#8221;1&#8243; admin_label=&#8221;Features&#8221; _builder_version=&#8221;4.27.4&#8243; _module_preset=&#8221;default&#8221; collapsed=&#8221;on&#8221; global_colors_info=&#8221;{}&#8221; custom_padding=&#8221;||9px|||&#8221;][et_pb_row column_structure=&#8221;1_3,1_3,1_3&#8243; use_custom_gutter=&#8221;on&#8221; gutter_width=&#8221;2&#8243; make_equal=&#8221;on&#8221; custom_padding_last_edited=&#8221;on|desktop&#8221; _builder_version=&#8221;4.27.4&#8243; _module_preset=&#8221;default&#8221; custom_padding=&#8221;||10px||false|false&#8221; custom_padding_tablet=&#8221;||0px||false|false&#8221; custom_padding_phone=&#8221;||0px||false|false&#8221; global_colors_info=&#8221;{}&#8221;][et_pb_column type=&#8221;1_3&#8243; _builder_version=&#8221;4.27.4&#8243; _module_preset=&#8221;4580510c-87ea-401d-b711-0c7a9f89841c&#8221; global_colors_info=&#8221;{}&#8221;][et_pb_heading title=&#8221;Estrategia&#8221; _builder_version=&#8221;4.27.5&#8243; _module_preset=&#8221;358f6f85-c73c-4f05-a18b-b18187aef6a4&#8243; custom_margin=&#8221;||0px||false|false&#8221; hover_enabled=&#8221;0&#8243; global_colors_info=&#8221;{}&#8221; sticky_enabled=&#8221;0&#8243;][\/et_pb_heading][et_pb_text _builder_version=&#8221;4.27.5&#8243; _module_preset=&#8221;898d9342-48ec-41bc-bf49-f82aba330031&#8243; hover_enabled=&#8221;0&#8243; global_colors_info=&#8221;{}&#8221; sticky_enabled=&#8221;0&#8243;]<ul>\n<li data-start=\"943\" data-end=\"981\">\n<p data-start=\"945\" data-end=\"981\">An\u00e1lisis del negocio y del mercado<\/p>\n<\/li>\n<li data-start=\"982\" data-end=\"1016\">\n<p data-start=\"984\" data-end=\"1016\">Definici\u00f3n de p\u00fablico correcto<\/p>\n<\/li>\n<li data-start=\"1017\" data-end=\"1078\">\n<p data-start=\"1019\" data-end=\"1078\">Propuesta de valor clara (qu\u00e9 se ofrece y por qu\u00e9 elegirte)<\/p>\n<\/li>\n<\/ul>\n<p>.<\/p>[\/et_pb_text][\/et_pb_column][et_pb_column type=&#8221;1_3&#8243; _builder_version=&#8221;4.27.4&#8243; _module_preset=&#8221;4580510c-87ea-401d-b711-0c7a9f89841c&#8221; global_colors_info=&#8221;{}&#8221;][et_pb_heading title=&#8221;Infraestructura digital&#8221; _builder_version=&#8221;4.27.5&#8243; _module_preset=&#8221;358f6f85-c73c-4f05-a18b-b18187aef6a4&#8243; custom_margin=&#8221;||0px||false|false&#8221; hover_enabled=&#8221;0&#8243; global_colors_info=&#8221;{}&#8221; sticky_enabled=&#8221;0&#8243;][\/et_pb_heading][et_pb_text _builder_version=&#8221;4.27.5&#8243; _module_preset=&#8221;898d9342-48ec-41bc-bf49-f82aba330031&#8243; hover_enabled=&#8221;0&#8243; global_colors_info=&#8221;{}&#8221; sticky_enabled=&#8221;0&#8243;]<ul>\n<li data-start=\"1112\" data-end=\"1156\">\n<p data-start=\"1114\" data-end=\"1156\">Landing pages optimizadas para convertir<\/p>\n<\/li>\n<li data-start=\"1157\" data-end=\"1199\">\n<p data-start=\"1159\" data-end=\"1199\">Web clara, r\u00e1pida y enfocada en ventas<\/p>\n<\/li>\n<li data-start=\"1200\" data-end=\"1259\">\n<p data-start=\"1202\" data-end=\"1259\">Integraci\u00f3n de formularios, WhatsApp y automatizaciones<\/p>\n<\/li>\n<\/ul>[\/et_pb_text][\/et_pb_column][et_pb_column type=&#8221;1_3&#8243; _builder_version=&#8221;4.27.4&#8243; _module_preset=&#8221;4580510c-87ea-401d-b711-0c7a9f89841c&#8221; global_colors_info=&#8221;{}&#8221;][et_pb_heading title=&#8221;Tr\u00e1fico calificado&#8221; _builder_version=&#8221;4.27.5&#8243; _module_preset=&#8221;358f6f85-c73c-4f05-a18b-b18187aef6a4&#8243; custom_margin=&#8221;||0px||false|false&#8221; hover_enabled=&#8221;0&#8243; global_colors_info=&#8221;{}&#8221; sticky_enabled=&#8221;0&#8243;][\/et_pb_heading][et_pb_text _builder_version=&#8221;4.27.5&#8243; _module_preset=&#8221;898d9342-48ec-41bc-bf49-f82aba330031&#8243; hover_enabled=&#8221;0&#8243; global_colors_info=&#8221;{}&#8221; sticky_enabled=&#8221;0&#8243;]<ul>\n<li data-start=\"1288\" data-end=\"1330\">\n<p data-start=\"1290\" data-end=\"1330\">Google Ads (b\u00fasqueda con intenci\u00f3n real)<\/p>\n<\/li>\n<li data-start=\"1331\" data-end=\"1367\">\n<p data-start=\"1333\" data-end=\"1367\">Meta Ads (captaci\u00f3n y remarketing)<\/p>\n<\/li>\n<li data-start=\"1368\" data-end=\"1427\">\n<p data-start=\"1370\" data-end=\"1427\">Segmentaci\u00f3n estrat\u00e9gica (no p\u00fablico amplio sin criterio)<\/p>\n<\/li>\n<\/ul>[\/et_pb_text][\/et_pb_column][\/et_pb_row][et_pb_row column_structure=&#8221;1_2,1_2&#8243; use_custom_gutter=&#8221;on&#8221; gutter_width=&#8221;2&#8243; make_equal=&#8221;on&#8221; custom_padding_last_edited=&#8221;on|desktop&#8221; _builder_version=&#8221;4.27.5&#8243; _module_preset=&#8221;default&#8221; custom_padding=&#8221;||10px||false|false&#8221; custom_padding_tablet=&#8221;||0px||false|false&#8221; custom_padding_phone=&#8221;||0px||false|false&#8221; hover_enabled=&#8221;0&#8243; global_colors_info=&#8221;{}&#8221; sticky_enabled=&#8221;0&#8243;][et_pb_column type=&#8221;1_2&#8243; _builder_version=&#8221;4.27.4&#8243; _module_preset=&#8221;4580510c-87ea-401d-b711-0c7a9f89841c&#8221; global_colors_info=&#8221;{}&#8221;][et_pb_heading title=&#8221;Medici\u00f3n y control&#8221; _builder_version=&#8221;4.27.5&#8243; _module_preset=&#8221;358f6f85-c73c-4f05-a18b-b18187aef6a4&#8243; custom_margin=&#8221;||0px||false|false&#8221; hover_enabled=&#8221;0&#8243; global_colors_info=&#8221;{}&#8221; sticky_enabled=&#8221;0&#8243;][\/et_pb_heading][et_pb_text _builder_version=&#8221;4.27.5&#8243; _module_preset=&#8221;898d9342-48ec-41bc-bf49-f82aba330031&#8243; hover_enabled=&#8221;0&#8243; global_colors_info=&#8221;{}&#8221; sticky_enabled=&#8221;0&#8243;]<ul>\n<li data-start=\"1456\" data-end=\"1492\">\n<p data-start=\"1458\" data-end=\"1492\">Configuraci\u00f3n de p\u00edxeles y eventos<\/p>\n<\/li>\n<li data-start=\"1493\" data-end=\"1529\">\n<p data-start=\"1495\" data-end=\"1529\">Seguimiento de conversiones reales<\/p>\n<\/li>\n<li data-start=\"1530\" data-end=\"1589\">\n<p data-start=\"1532\" data-end=\"1589\">Lectura de m\u00e9tricas que importan (leads, costos, retorno)<\/p>\n<\/li>\n<\/ul>[\/et_pb_text][\/et_pb_column][et_pb_column type=&#8221;1_2&#8243; _builder_version=&#8221;4.27.4&#8243; _module_preset=&#8221;4580510c-87ea-401d-b711-0c7a9f89841c&#8221; global_colors_info=&#8221;{}&#8221;][et_pb_heading title=&#8221;Optimizaci\u00f3n continua&#8221; _builder_version=&#8221;4.27.5&#8243; _module_preset=&#8221;358f6f85-c73c-4f05-a18b-b18187aef6a4&#8243; custom_margin=&#8221;||0px||false|false&#8221; hover_enabled=&#8221;0&#8243; global_colors_info=&#8221;{}&#8221; sticky_enabled=&#8221;0&#8243;][\/et_pb_heading][et_pb_text _builder_version=&#8221;4.27.5&#8243; _module_preset=&#8221;898d9342-48ec-41bc-bf49-f82aba330031&#8243; hover_enabled=&#8221;0&#8243; global_colors_info=&#8221;{}&#8221; sticky_enabled=&#8221;0&#8243;]<ul>\n<li data-start=\"1621\" data-end=\"1642\">\n<p data-start=\"1623\" data-end=\"1642\">Ajustes de campa\u00f1as<\/p>\n<\/li>\n<li data-start=\"1643\" data-end=\"1663\">\n<p data-start=\"1645\" data-end=\"1663\">Mejora de landings<\/p>\n<\/li>\n<li data-start=\"1664\" data-end=\"1693\">\n<p data-start=\"1666\" data-end=\"1693\">Reducci\u00f3n de costo por lead<\/p>\n<\/li>\n<li data-start=\"1694\" data-end=\"1723\">\n<p data-start=\"1696\" data-end=\"1723\">Escalado de lo que funciona<\/p>\n<\/li>\n<\/ul>[\/et_pb_text][\/et_pb_column][\/et_pb_row][et_pb_row column_structure=&#8221;1_2,1_2&#8243; use_custom_gutter=&#8221;on&#8221; gutter_width=&#8221;2&#8243; make_equal=&#8221;on&#8221; custom_padding_last_edited=&#8221;on|desktop&#8221; _builder_version=&#8221;4.27.5&#8243; _module_preset=&#8221;default&#8221; custom_padding=&#8221;||10px||false|false&#8221; custom_padding_tablet=&#8221;||0px||false|false&#8221; custom_padding_phone=&#8221;||0px||false|false&#8221; hover_enabled=&#8221;0&#8243; global_colors_info=&#8221;{}&#8221; sticky_enabled=&#8221;0&#8243;][et_pb_column type=&#8221;1_2&#8243; _builder_version=&#8221;4.27.4&#8243; _module_preset=&#8221;4580510c-87ea-401d-b711-0c7a9f89841c&#8221; global_colors_info=&#8221;{}&#8221;][et_pb_heading title=&#8221;Por qu\u00e9 trabajar conmigo&#8221; _builder_version=&#8221;4.27.5&#8243; _module_preset=&#8221;358f6f85-c73c-4f05-a18b-b18187aef6a4&#8243; custom_margin=&#8221;||0px||false|false&#8221; hover_enabled=&#8221;0&#8243; global_colors_info=&#8221;{}&#8221; sticky_enabled=&#8221;0&#8243;][\/et_pb_heading][et_pb_text _builder_version=&#8221;4.27.5&#8243; _module_preset=&#8221;898d9342-48ec-41bc-bf49-f82aba330031&#8243; hover_enabled=&#8221;0&#8243; global_colors_info=&#8221;{}&#8221; sticky_enabled=&#8221;0&#8243;]<ul data-start=\"2125\" data-end=\"2364\">\n<li data-start=\"2125\" data-end=\"2174\">\n<p data-start=\"2127\" data-end=\"2174\">M\u00e1s de <strong data-start=\"2134\" data-end=\"2174\">15 a\u00f1os de experiencia en Google Ads<\/strong><\/p>\n<\/li>\n<li data-start=\"2175\" data-end=\"2223\">\n<p data-start=\"2177\" data-end=\"2223\">Visi\u00f3n integral de negocio (no solo marketing)<\/p>\n<\/li>\n<li data-start=\"2224\" data-end=\"2267\">\n<p data-start=\"2226\" data-end=\"2267\">Un solo interlocutor, una sola estrategia<\/p>\n<\/li>\n<li data-start=\"2268\" data-end=\"2308\">\n<p data-start=\"2270\" data-end=\"2308\">Trabajo con criterio, no improvisaci\u00f3n<\/p>\n<\/li>\n<li data-start=\"2309\" data-end=\"2364\">\n<p data-start=\"2311\" data-end=\"2364\">Me involucro en el resultado, no solo en la ejecuci\u00f3n<\/p>\n<\/li>\n<\/ul>[\/et_pb_text][\/et_pb_column][et_pb_column type=&#8221;1_2&#8243; _builder_version=&#8221;4.27.4&#8243; _module_preset=&#8221;4580510c-87ea-401d-b711-0c7a9f89841c&#8221; global_colors_info=&#8221;{}&#8221;][et_pb_heading title=&#8221;Para qui\u00e9n es mi servicio&#8221; _builder_version=&#8221;4.27.5&#8243; _module_preset=&#8221;358f6f85-c73c-4f05-a18b-b18187aef6a4&#8243; custom_margin=&#8221;||0px||false|false&#8221; hover_enabled=&#8221;0&#8243; global_colors_info=&#8221;{}&#8221; sticky_enabled=&#8221;0&#8243;][\/et_pb_heading][et_pb_text _builder_version=&#8221;4.27.5&#8243; _module_preset=&#8221;898d9342-48ec-41bc-bf49-f82aba330031&#8243; hover_enabled=&#8221;0&#8243; global_colors_info=&#8221;{}&#8221; sticky_enabled=&#8221;0&#8243;]<p data-start=\"1763\" data-end=\"1790\">Trabajo principalmente con:<\/p>\n<ul data-start=\"1791\" data-end=\"1933\">\n<li data-start=\"1791\" data-end=\"1814\">\n<p data-start=\"1793\" data-end=\"1814\">Empresas de servicios<\/p>\n<\/li>\n<li data-start=\"1815\" data-end=\"1871\">\n<p data-start=\"1817\" data-end=\"1871\">Rubro construcci\u00f3n, arquitectura, aberturas, industria<\/p>\n<\/li>\n<li data-start=\"1872\" data-end=\"1933\">\n<p data-start=\"1874\" data-end=\"1933\">Profesionales y negocios que <strong data-start=\"1903\" data-end=\"1933\">quieren clientes, no likes<\/strong><\/p>\n<\/li>\n<\/ul>\n<p data-start=\"1935\" data-end=\"1954\">Ideal para quienes:<\/p>\n<ul data-start=\"1955\" data-end=\"2086\">\n<li data-start=\"1955\" data-end=\"2001\">\n<p data-start=\"1957\" data-end=\"2001\">Ya perdieron dinero en campa\u00f1as mal hechas<\/p>\n<\/li>\n<li data-start=\"2002\" data-end=\"2042\">\n<p data-start=\"2004\" data-end=\"2042\">Quieren orden, criterio y resultados<\/p>\n<\/li>\n<li data-start=\"2043\" data-end=\"2086\">\n<p data-start=\"2045\" data-end=\"2086\">Buscan un proveedor que <strong data-start=\"2069\" data-end=\"2086\">se haga cargo<\/strong><\/p>\n<\/li>\n<\/ul>[\/et_pb_text][\/et_pb_column][\/et_pb_row][\/et_pb_section][et_pb_section fb_built=&#8221;1&#8243; admin_label=&#8221;Call to Action&#8221; _builder_version=&#8221;4.27.4&#8243; _module_preset=&#8221;default&#8221; locked=&#8221;off&#8221; collapsed=&#8221;on&#8221; global_colors_info=&#8221;{}&#8221; custom_padding=&#8221;0px|||||&#8221;][et_pb_row column_structure=&#8221;1_2,1_2&#8243; _builder_version=&#8221;4.27.4&#8243; _module_preset=&#8221;default&#8221; locked=&#8221;off&#8221; global_colors_info=&#8221;{}&#8221;][et_pb_column type=&#8221;1_2&#8243; _builder_version=&#8221;4.27.4&#8243; _module_preset=&#8221;default&#8221; custom_padding=&#8221;60px|60px|60px|60px|true|true&#8221; custom_padding_tablet=&#8221;0px|0px|0px|0px|true|true&#8221; custom_padding_phone=&#8221;0px|0px|0px|0px|true|true&#8221; custom_padding_last_edited=&#8221;on|tablet&#8221; global_colors_info=&#8221;{}&#8221;][et_pb_heading title=&#8221;Si tu negocio necesita dejar de improvisar y empezar a generar consultas reales con criterio, armamos un sistema pensado para escalar, no para probar suerte.&#8221; _builder_version=&#8221;4.27.5&#8243; _module_preset=&#8221;8155a38b-7bfa-4330-9d55-671586ceddc7&#8243; hover_enabled=&#8221;0&#8243; global_colors_info=&#8221;{}&#8221; title_font_size=&#8221;27px&#8221; sticky_enabled=&#8221;0&#8243;][\/et_pb_heading][et_pb_button button_text=&#8221;Empezar ahora&#8221; _builder_version=&#8221;4.27.5&#8243; _module_preset=&#8221;d8de86d8-362a-4df7-8734-a7ccece502a6&#8243; hover_enabled=&#8221;0&#8243; global_colors_info=&#8221;{}&#8221; sticky_enabled=&#8221;0&#8243;][\/et_pb_button][\/et_pb_column][et_pb_column type=&#8221;1_2&#8243; _builder_version=&#8221;4.27.4&#8243; _module_preset=&#8221;default&#8221; global_colors_info=&#8221;{}&#8221;][et_pb_image src=&#8221;https:\/\/ravendesignestudio.com\/wp-content\/uploads\/2025\/08\/saas-05.jpg&#8221; title_text=&#8221;saas-05&#8243; _builder_version=&#8221;4.27.4&#8243; _module_preset=&#8221;2fe2f521-f6fb-47d6-82d1-4c22d3724ad9&#8243; width=&#8221;80%&#8221; custom_margin=&#8221;||-20.3%||false|false&#8221; global_colors_info=&#8221;{}&#8221;][\/et_pb_image][\/et_pb_column][\/et_pb_row][\/et_pb_section]\n","protected":false},"excerpt":{"rendered":"<p>An\u00e1lisis del negocio y del mercado Definici\u00f3n de p\u00fablico correcto Propuesta de valor clara (qu\u00e9 se ofrece y por qu\u00e9 elegirte) . Landing pages optimizadas para convertir Web clara, r\u00e1pida y enfocada en ventas Integraci\u00f3n de formularios, WhatsApp y automatizaciones Google Ads (b\u00fasqueda con intenci\u00f3n real) Meta Ads (captaci\u00f3n y remarketing) Segmentaci\u00f3n estrat\u00e9gica (no p\u00fablico [&hellip;]<\/p>\n","protected":false},"author":1,"featured_media":0,"parent":0,"menu_order":0,"comment_status":"closed","ping_status":"closed","template":"","meta":{"_et_pb_use_builder":"on","_et_pb_old_content":"","_et_gb_content_width":"","_uag_custom_page_level_css":"","_joinchat":[],"footnotes":""},"class_list":["post-2215","page","type-page","status-publish","hentry"],"yoast_head":"<!-- This site is optimized with the Yoast SEO plugin v27.4 - https:\/\/yoast.com\/product\/yoast-seo-wordpress\/ -->\n<title>Features - DESARROLLO DE PAGINAS WEB<\/title>\n<meta name=\"description\" content=\"DESARROLLO WEB- Elegimos juntos cada detalle de su sitio y la campa\u00f1a de marketing mas conveniente para su empresa. +54 91168650293\" \/>\n<meta name=\"robots\" content=\"index, follow, max-snippet:-1, max-image-preview:large, max-video-preview:-1\" \/>\n<link rel=\"canonical\" href=\"https:\/\/ravendesignestudio.com\/index.php\/como-trabajo\/\" \/>\n<meta property=\"og:locale\" content=\"en_US\" \/>\n<meta property=\"og:type\" content=\"article\" \/>\n<meta property=\"og:title\" content=\"Features - DESARROLLO DE PAGINAS WEB\" \/>\n<meta property=\"og:description\" content=\"DESARROLLO WEB- Elegimos juntos cada detalle de su sitio y la campa\u00f1a de marketing mas conveniente para su empresa. +54 91168650293\" \/>\n<meta property=\"og:url\" content=\"https:\/\/ravendesignestudio.com\/index.php\/como-trabajo\/\" \/>\n<meta property=\"og:site_name\" content=\"DESARROLLO DE PAGINAS WEB\" \/>\n<meta property=\"article:modified_time\" content=\"2025-12-25T23:10:22+00:00\" \/>\n<meta property=\"og:image\" content=\"https:\/\/ravendesignestudio.com\/wp-content\/uploads\/2023\/06\/cropped-Diseno-sin-titulo-10-2.png\" \/>\n\t<meta property=\"og:image:width\" content=\"512\" \/>\n\t<meta property=\"og:image:height\" content=\"512\" \/>\n\t<meta property=\"og:image:type\" content=\"image\/png\" \/>\n<meta name=\"twitter:card\" content=\"summary_large_image\" \/>\n<meta name=\"twitter:label1\" content=\"Est. reading time\" \/>\n\t<meta name=\"twitter:data1\" content=\"2 minutes\" \/>\n<script type=\"application\/ld+json\" class=\"yoast-schema-graph\">{\"@context\":\"https:\\\/\\\/schema.org\",\"@graph\":[{\"@type\":\"WebPage\",\"@id\":\"https:\\\/\\\/ravendesignestudio.com\\\/index.php\\\/como-trabajo\\\/\",\"url\":\"https:\\\/\\\/ravendesignestudio.com\\\/index.php\\\/como-trabajo\\\/\",\"name\":\"Features - DESARROLLO DE PAGINAS WEB\",\"isPartOf\":{\"@id\":\"https:\\\/\\\/ravendesignestudio.com\\\/#website\"},\"datePublished\":\"2025-08-12T14:55:30+00:00\",\"dateModified\":\"2025-12-25T23:10:22+00:00\",\"description\":\"DESARROLLO WEB- Elegimos juntos cada detalle de su sitio y la campa\u00f1a de marketing mas conveniente para su empresa. +54 91168650293\",\"breadcrumb\":{\"@id\":\"https:\\\/\\\/ravendesignestudio.com\\\/index.php\\\/como-trabajo\\\/#breadcrumb\"},\"inLanguage\":\"en-US\",\"potentialAction\":[{\"@type\":\"ReadAction\",\"target\":[\"https:\\\/\\\/ravendesignestudio.com\\\/index.php\\\/como-trabajo\\\/\"]}]},{\"@type\":\"BreadcrumbList\",\"@id\":\"https:\\\/\\\/ravendesignestudio.com\\\/index.php\\\/como-trabajo\\\/#breadcrumb\",\"itemListElement\":[{\"@type\":\"ListItem\",\"position\":1,\"name\":\"Inicio\",\"item\":\"https:\\\/\\\/ravendesignestudio.com\\\/\"},{\"@type\":\"ListItem\",\"position\":2,\"name\":\"Features\"}]},{\"@type\":\"WebSite\",\"@id\":\"https:\\\/\\\/ravendesignestudio.com\\\/#website\",\"url\":\"https:\\\/\\\/ravendesignestudio.com\\\/\",\"name\":\"Raven Design Estudio\",\"description\":\"Dise\u00f1o de pagina web\",\"publisher\":{\"@id\":\"https:\\\/\\\/ravendesignestudio.com\\\/#organization\"},\"alternateName\":\"Desarrollo de paginas web\",\"potentialAction\":[{\"@type\":\"SearchAction\",\"target\":{\"@type\":\"EntryPoint\",\"urlTemplate\":\"https:\\\/\\\/ravendesignestudio.com\\\/?s={search_term_string}\"},\"query-input\":{\"@type\":\"PropertyValueSpecification\",\"valueRequired\":true,\"valueName\":\"search_term_string\"}}],\"inLanguage\":\"en-US\"},{\"@type\":\"Organization\",\"@id\":\"https:\\\/\\\/ravendesignestudio.com\\\/#organization\",\"name\":\"Raven Design Estudio\",\"alternateName\":\"Dise\u00f1o de paginas web\",\"url\":\"https:\\\/\\\/ravendesignestudio.com\\\/\",\"logo\":{\"@type\":\"ImageObject\",\"inLanguage\":\"en-US\",\"@id\":\"https:\\\/\\\/ravendesignestudio.com\\\/#\\\/schema\\\/logo\\\/image\\\/\",\"url\":\"https:\\\/\\\/ravendesignestudio.com\\\/wp-content\\\/uploads\\\/2023\\\/06\\\/cropped-logoravendesign.png\",\"contentUrl\":\"https:\\\/\\\/ravendesignestudio.com\\\/wp-content\\\/uploads\\\/2023\\\/06\\\/cropped-logoravendesign.png\",\"width\":380,\"height\":355,\"caption\":\"Raven Design Estudio\"},\"image\":{\"@id\":\"https:\\\/\\\/ravendesignestudio.com\\\/#\\\/schema\\\/logo\\\/image\\\/\"}}]}<\/script>\n<!-- \/ Yoast SEO plugin. -->","yoast_head_json":{"title":"Features - DESARROLLO DE PAGINAS WEB","description":"DESARROLLO WEB- Elegimos juntos cada detalle de su sitio y la campa\u00f1a de marketing mas conveniente para su empresa. +54 91168650293","robots":{"index":"index","follow":"follow","max-snippet":"max-snippet:-1","max-image-preview":"max-image-preview:large","max-video-preview":"max-video-preview:-1"},"canonical":"https:\/\/ravendesignestudio.com\/index.php\/como-trabajo\/","og_locale":"en_US","og_type":"article","og_title":"Features - DESARROLLO DE PAGINAS WEB","og_description":"DESARROLLO WEB- Elegimos juntos cada detalle de su sitio y la campa\u00f1a de marketing mas conveniente para su empresa. +54 91168650293","og_url":"https:\/\/ravendesignestudio.com\/index.php\/como-trabajo\/","og_site_name":"DESARROLLO DE PAGINAS WEB","article_modified_time":"2025-12-25T23:10:22+00:00","og_image":[{"width":512,"height":512,"url":"https:\/\/ravendesignestudio.com\/wp-content\/uploads\/2023\/06\/cropped-Diseno-sin-titulo-10-2.png","type":"image\/png"}],"twitter_card":"summary_large_image","twitter_misc":{"Est. reading time":"2 minutes"},"schema":{"@context":"https:\/\/schema.org","@graph":[{"@type":"WebPage","@id":"https:\/\/ravendesignestudio.com\/index.php\/como-trabajo\/","url":"https:\/\/ravendesignestudio.com\/index.php\/como-trabajo\/","name":"Features - DESARROLLO DE PAGINAS WEB","isPartOf":{"@id":"https:\/\/ravendesignestudio.com\/#website"},"datePublished":"2025-08-12T14:55:30+00:00","dateModified":"2025-12-25T23:10:22+00:00","description":"DESARROLLO WEB- Elegimos juntos cada detalle de su sitio y la campa\u00f1a de marketing mas conveniente para su empresa. +54 91168650293","breadcrumb":{"@id":"https:\/\/ravendesignestudio.com\/index.php\/como-trabajo\/#breadcrumb"},"inLanguage":"en-US","potentialAction":[{"@type":"ReadAction","target":["https:\/\/ravendesignestudio.com\/index.php\/como-trabajo\/"]}]},{"@type":"BreadcrumbList","@id":"https:\/\/ravendesignestudio.com\/index.php\/como-trabajo\/#breadcrumb","itemListElement":[{"@type":"ListItem","position":1,"name":"Inicio","item":"https:\/\/ravendesignestudio.com\/"},{"@type":"ListItem","position":2,"name":"Features"}]},{"@type":"WebSite","@id":"https:\/\/ravendesignestudio.com\/#website","url":"https:\/\/ravendesignestudio.com\/","name":"Raven Design Estudio","description":"Dise\u00f1o de pagina web","publisher":{"@id":"https:\/\/ravendesignestudio.com\/#organization"},"alternateName":"Desarrollo de paginas web","potentialAction":[{"@type":"SearchAction","target":{"@type":"EntryPoint","urlTemplate":"https:\/\/ravendesignestudio.com\/?s={search_term_string}"},"query-input":{"@type":"PropertyValueSpecification","valueRequired":true,"valueName":"search_term_string"}}],"inLanguage":"en-US"},{"@type":"Organization","@id":"https:\/\/ravendesignestudio.com\/#organization","name":"Raven Design Estudio","alternateName":"Dise\u00f1o de paginas web","url":"https:\/\/ravendesignestudio.com\/","logo":{"@type":"ImageObject","inLanguage":"en-US","@id":"https:\/\/ravendesignestudio.com\/#\/schema\/logo\/image\/","url":"https:\/\/ravendesignestudio.com\/wp-content\/uploads\/2023\/06\/cropped-logoravendesign.png","contentUrl":"https:\/\/ravendesignestudio.com\/wp-content\/uploads\/2023\/06\/cropped-logoravendesign.png","width":380,"height":355,"caption":"Raven Design Estudio"},"image":{"@id":"https:\/\/ravendesignestudio.com\/#\/schema\/logo\/image\/"}}]}},"_hostinger_reach_plugin_has_subscription_block":false,"_hostinger_reach_plugin_is_elementor":false,"uagb_featured_image_src":{"full":false,"thumbnail":false,"medium":false,"medium_large":false,"large":false,"1536x1536":false,"2048x2048":false,"et-pb-post-main-image":false,"et-pb-post-main-image-fullwidth":false,"et-pb-portfolio-image":false,"et-pb-portfolio-module-image":false,"et-pb-portfolio-image-single":false,"et-pb-gallery-module-image-portrait":false,"et-pb-post-main-image-fullwidth-large":false,"et-pb-image--responsive--desktop":false,"et-pb-image--responsive--tablet":false,"et-pb-image--responsive--phone":false,"woocommerce_thumbnail":false,"woocommerce_single":false,"woocommerce_gallery_thumbnail":false},"uagb_author_info":{"display_name":"Posicionamiento Web","author_link":"https:\/\/ravendesignestudio.com\/index.php\/author\/ravendesignestudio-com\/"},"uagb_comment_info":0,"uagb_excerpt":"An\u00e1lisis del negocio y del mercado Definici\u00f3n de p\u00fablico correcto Propuesta de valor clara (qu\u00e9 se ofrece y por qu\u00e9 elegirte) . Landing pages optimizadas para convertir Web clara, r\u00e1pida y enfocada en ventas Integraci\u00f3n de formularios, WhatsApp y automatizaciones Google Ads (b\u00fasqueda con intenci\u00f3n real) Meta Ads (captaci\u00f3n y remarketing) Segmentaci\u00f3n estrat\u00e9gica (no p\u00fablico&hellip;","_links":{"self":[{"href":"https:\/\/ravendesignestudio.com\/index.php\/wp-json\/wp\/v2\/pages\/2215","targetHints":{"allow":["GET"]}}],"collection":[{"href":"https:\/\/ravendesignestudio.com\/index.php\/wp-json\/wp\/v2\/pages"}],"about":[{"href":"https:\/\/ravendesignestudio.com\/index.php\/wp-json\/wp\/v2\/types\/page"}],"author":[{"embeddable":true,"href":"https:\/\/ravendesignestudio.com\/index.php\/wp-json\/wp\/v2\/users\/1"}],"replies":[{"embeddable":true,"href":"https:\/\/ravendesignestudio.com\/index.php\/wp-json\/wp\/v2\/comments?post=2215"}],"version-history":[{"count":4,"href":"https:\/\/ravendesignestudio.com\/index.php\/wp-json\/wp\/v2\/pages\/2215\/revisions"}],"predecessor-version":[{"id":2380,"href":"https:\/\/ravendesignestudio.com\/index.php\/wp-json\/wp\/v2\/pages\/2215\/revisions\/2380"}],"wp:attachment":[{"href":"https:\/\/ravendesignestudio.com\/index.php\/wp-json\/wp\/v2\/media?parent=2215"}],"curies":[{"name":"wp","href":"https:\/\/api.w.org\/{rel}","templated":true}]}}