{"id":2384,"date":"2025-12-26T10:26:59","date_gmt":"2025-12-26T13:26:59","guid":{"rendered":"https:\/\/ravendesignestudio.com\/?page_id=2384"},"modified":"2025-12-26T12:56:25","modified_gmt":"2025-12-26T15:56:25","slug":"servicios-2","status":"publish","type":"page","link":"https:\/\/ravendesignestudio.com\/index.php\/servicios-2\/","title":{"rendered":"Servicios"},"content":{"rendered":"<p>[et_pb_section fb_built=&#8221;1&#8243; _builder_version=&#8221;4.27.5&#8243; _module_preset=&#8221;default&#8221; global_colors_info=&#8221;{}&#8221;][et_pb_row _builder_version=&#8221;4.27.5&#8243; _module_preset=&#8221;default&#8221; global_colors_info=&#8221;{}&#8221;][et_pb_column type=&#8221;4_4&#8243; _builder_version=&#8221;4.27.5&#8243; _module_preset=&#8221;default&#8221; global_colors_info=&#8221;{}&#8221;][et_pb_text _builder_version=&#8221;4.27.5&#8243; _module_preset=&#8221;default&#8221; global_colors_info=&#8221;{}&#8221;]<\/p>\n<section class=\"rds-services\">\n<div class=\"rds-wrap\">\n<header class=\"rds-head\">\n<h2 style=\"text-align: center;\">Servicios<\/h2>\n<p style=\"text-align: center;\">Dise\u00f1o y gestiono sistemas de marketing digital para empresas y profesionales<br \/>que necesitan generar <strong>consultas reales<\/strong>, no solo presencia online.<\/p>\n<\/header>\n<\/div>\n<\/section>\n<p>[\/et_pb_text][\/et_pb_column][\/et_pb_row][et_pb_row _builder_version=&#8221;4.27.5&#8243; _module_preset=&#8221;default&#8221; global_colors_info=&#8221;{}&#8221;][et_pb_column type=&#8221;4_4&#8243; _builder_version=&#8221;4.27.5&#8243; _module_preset=&#8221;default&#8221; global_colors_info=&#8221;{}&#8221;][et_pb_text _builder_version=&#8221;4.27.5&#8243; _module_preset=&#8221;default&#8221; global_colors_info=&#8221;{}&#8221;]<\/p>\n<div class=\"rds-grid\">\n<div class=\"rds-card\">\n<h3 style=\"text-align: center;\">Sistema Digital Completo<\/h3>\n<p style=\"text-align: center;\">La soluci\u00f3n integral: web + campa\u00f1as + medici\u00f3n.<\/p>\n<p style=\"text-align: center;\"><span>Ideal para empezar bien desde el inicio<\/span><\/p>\n<\/div>\n<div class=\"rds-card\" style=\"text-align: center;\">\n<h3>Google Ads (B\u00fasqueda)<\/h3>\n<p>Captaci\u00f3n de clientes cuando ya est\u00e1n buscando tu servicio.<\/p>\n<p><span>Alta intenci\u00f3n \u00b7 resultados medibles<\/span><\/p>\n<\/div>\n<div class=\"rds-card\" style=\"text-align: center;\">\n<h3>Meta Ads (Instagram &amp; Facebook)<\/h3>\n<p>Generaci\u00f3n de demanda y consultas con segmentaci\u00f3n estrat\u00e9gica.<\/p>\n<p><span>Visibilidad que convierte<\/span><\/p>\n<\/div>\n<div class=\"rds-card\" style=\"text-align: center;\">\n<h3>Landing Pages \/ Web<\/h3>\n<p>P\u00e1ginas dise\u00f1adas para convertir visitas en contactos.<\/p>\n<p><span>Claridad \u00b7 estructura \u00b7 acci\u00f3n<\/span><\/p>\n<\/div>\n<div class=\"rds-card\" style=\"text-align: center;\">\n<h3>Medici\u00f3n y Optimizaci\u00f3n<\/h3>\n<p>Configuraci\u00f3n de p\u00edxeles, eventos y seguimiento real.<\/p>\n<p><span>Decisiones basadas en datos<\/span><\/p>\n<\/div>\n<div class=\"rds-card\">\n<h3 style=\"text-align: center;\">Auditor\u00eda Profesional<\/h3>\n<p style=\"text-align: center;\">Diagn\u00f3stico claro de tu sistema actual y plan de mejora.<\/p>\n<p style=\"text-align: center;\"><span>Para corregir lo que hoy no funciona<\/span><\/p>\n<\/div>\n<\/div>\n<p>[\/et_pb_text][\/et_pb_column][\/et_pb_row][et_pb_row column_structure=&#8221;1_2,1_2&#8243; _builder_version=&#8221;4.27.5&#8243; _module_preset=&#8221;default&#8221; global_colors_info=&#8221;{}&#8221;][et_pb_column type=&#8221;1_2&#8243; _builder_version=&#8221;4.27.5&#8243; _module_preset=&#8221;default&#8221; global_colors_info=&#8221;{}&#8221;][et_pb_text _builder_version=&#8221;4.27.5&#8243; _module_preset=&#8221;default&#8221; global_colors_info=&#8221;{}&#8221;]    <\/p>\n<div class=\"rds-filter\">\n<h3>\u00bfCu\u00e1l te conviene?<\/h3>\n<ul>\n<li><strong>Si est\u00e1s empezando:<\/strong> Sistema Digital Completo<\/li>\n<li><strong>Si ya ten\u00e9s web:<\/strong> Google Ads y\/o Meta Ads<\/li>\n<li><strong>Si invert\u00eds y no ves resultados:<\/strong> Auditor\u00eda<\/li>\n<\/ul><\/div>\n<\/p><\/div>\n<\/section>\n<p>[\/et_pb_text][\/et_pb_column][et_pb_column type=&#8221;1_2&#8243; _builder_version=&#8221;4.27.5&#8243; _module_preset=&#8221;default&#8221; global_colors_info=&#8221;{}&#8221;][et_pb_image src=&#8221;https:\/\/ravendesignestudio.com\/wp-content\/uploads\/2025\/12\/1&#215;1.avif&#8221; title_text=&#8221;1&#215;1&#8243; _builder_version=&#8221;4.27.5&#8243; _module_preset=&#8221;default&#8221; global_colors_info=&#8221;{}&#8221;][\/et_pb_image][\/et_pb_column][\/et_pb_row][et_pb_row _builder_version=&#8221;4.27.5&#8243; _module_preset=&#8221;default&#8221; column_structure=&#8221;1_3,1_3,1_3&#8243;][et_pb_column _builder_version=&#8221;4.27.5&#8243; _module_preset=&#8221;default&#8221; type=&#8221;1_3&#8243;][et_pb_text _builder_version=&#8221;4.27.5&#8243; _module_preset=&#8221;default&#8221; hover_enabled=&#8221;0&#8243; sticky_enabled=&#8221;0&#8243;]<\/p>\n<h5><strong>Planes de trabajo<\/strong><\/h5>\n<p>[\/et_pb_text][et_pb_text _builder_version=&#8221;4.27.5&#8243; _module_preset=&#8221;default&#8221; hover_enabled=&#8221;0&#8243; sticky_enabled=&#8221;0&#8243;]<\/p>\n<p>Ofrezco tres opciones seg\u00fan el punto en el que se encuentre hoy tu negocio.<br data-start=\"483\" data-end=\"486\" \/>El objetivo es el mismo en todos los casos: <strong data-start=\"530\" data-end=\"586\">generar consultas reales y oportunidades comerciales<\/strong>.<\/p>\n<p>[\/et_pb_text][\/et_pb_column][et_pb_column _builder_version=&#8221;4.27.5&#8243; _module_preset=&#8221;default&#8221; type=&#8221;1_3&#8243;][et_pb_text _builder_version=&#8221;4.27.5&#8243; _module_preset=&#8221;default&#8221; hover_enabled=&#8221;0&#8243; sticky_enabled=&#8221;0&#8243;]<\/p>\n<h5 data-start=\"667\" data-end=\"700\">Auditor\u00eda Profesional<\/h5>\n<p data-start=\"701\" data-end=\"739\">\ud83d\udcb0 <strong data-start=\"704\" data-end=\"737\">Desde $180.000 \u2013 $350.000 ARS<\/strong><\/p>\n<p>[\/et_pb_text][et_pb_text _builder_version=&#8221;4.27.5&#8243; _module_preset=&#8221;default&#8221; hover_enabled=&#8221;0&#8243; sticky_enabled=&#8221;0&#8243;]<\/p>\n<p>Incluye: diagn\u00f3stico completo de web\/campa\u00f1as\/medici\u00f3n + plan claro de mejoras.<br data-start=\"820\" data-end=\"823\" \/>Este rango est\u00e1 alineado con precios que muchas agencias aplican para diagn\u00f3sticos m\u00e1s detallados, especialmente para negocios medianos\/peque\u00f1os.<\/p>\n<p>[\/et_pb_text][\/et_pb_column][et_pb_column _builder_version=&#8221;4.27.5&#8243; _module_preset=&#8221;default&#8221; type=&#8221;1_3&#8243;][et_pb_text _builder_version=&#8221;4.27.5&#8243; _module_preset=&#8221;default&#8221; hover_enabled=&#8221;0&#8243; sticky_enabled=&#8221;0&#8243;]<\/p>\n<h5><strong>Gesti\u00f3n de Campa\u00f1as (Google Ads \/ Meta Ads)<\/strong><\/h5>\n<p>[\/et_pb_text][et_pb_text _builder_version=&#8221;4.27.5&#8243; _module_preset=&#8221;default&#8221; hover_enabled=&#8221;0&#8243; sticky_enabled=&#8221;0&#8243;]<\/p>\n<p data-start=\"1069\" data-end=\"1197\">\ud83d\udcb0 <strong data-start=\"1072\" data-end=\"1111\">Desde $240.000 \u2013 $450.000 ARS \/ mes<\/strong><br data-start=\"1111\" data-end=\"1114\" \/><\/p>\n<p data-start=\"1199\" data-end=\"1422\">Este rango est\u00e1 respaldado por tarifas promedio para gesti\u00f3n de campa\u00f1as profesionales (no freelancers b\u00e1sicos), donde las agencias cobran entre ~USD $300\u2013$2,000 dependendo del paquete.<\/p>\n<p>[\/et_pb_text][\/et_pb_column][\/et_pb_row][et_pb_row _builder_version=&#8221;4.27.5&#8243; _module_preset=&#8221;default&#8221; column_structure=&#8221;1_3,1_3,1_3&#8243;][et_pb_column _builder_version=&#8221;4.27.5&#8243; _module_preset=&#8221;default&#8221; type=&#8221;1_3&#8243;][\/et_pb_column][et_pb_column _builder_version=&#8221;4.27.5&#8243; _module_preset=&#8221;default&#8221; type=&#8221;1_3&#8243;][\/et_pb_column][et_pb_column _builder_version=&#8221;4.27.5&#8243; _module_preset=&#8221;default&#8221; type=&#8221;1_3&#8243;][\/et_pb_column][\/et_pb_row][\/et_pb_section]<\/p>\n","protected":false},"excerpt":{"rendered":"<p>Servicios Dise\u00f1o y gestiono sistemas de marketing digital para empresas y profesionalesque necesitan generar consultas reales, no solo presencia online. Sistema Digital Completo La soluci\u00f3n integral: web + campa\u00f1as + medici\u00f3n. Ideal para empezar bien desde el inicio Google Ads (B\u00fasqueda) Captaci\u00f3n de clientes cuando ya est\u00e1n buscando tu servicio. Alta intenci\u00f3n \u00b7 resultados medibles [&hellip;]<\/p>\n","protected":false},"author":1,"featured_media":0,"parent":0,"menu_order":0,"comment_status":"closed","ping_status":"closed","template":"","meta":{"_et_pb_use_builder":"on","_et_pb_old_content":"","_et_gb_content_width":"","_uag_custom_page_level_css":"","_joinchat":[],"footnotes":""},"class_list":["post-2384","page","type-page","status-publish","hentry"],"yoast_head":"<!-- This site is optimized with the Yoast SEO plugin v27.5 - https:\/\/yoast.com\/product\/yoast-seo-wordpress\/ -->\n<title>Servicios - DESARROLLO DE PAGINAS WEB<\/title>\n<meta name=\"description\" content=\"DESARROLLO WEB- Elegimos juntos cada detalle de su sitio y la campa\u00f1a de marketing mas conveniente para su empresa. +54 91168650293\" \/>\n<meta name=\"robots\" content=\"index, follow, max-snippet:-1, max-image-preview:large, max-video-preview:-1\" \/>\n<link rel=\"canonical\" href=\"https:\/\/ravendesignestudio.com\/index.php\/servicios-2\/\" \/>\n<meta property=\"og:locale\" content=\"en_US\" \/>\n<meta property=\"og:type\" content=\"article\" \/>\n<meta property=\"og:title\" content=\"Servicios - DESARROLLO DE PAGINAS WEB\" \/>\n<meta property=\"og:description\" content=\"DESARROLLO WEB- Elegimos juntos cada detalle de su sitio y la campa\u00f1a de marketing mas conveniente para su empresa. +54 91168650293\" \/>\n<meta property=\"og:url\" content=\"https:\/\/ravendesignestudio.com\/index.php\/servicios-2\/\" \/>\n<meta property=\"og:site_name\" content=\"DESARROLLO DE PAGINAS WEB\" \/>\n<meta property=\"article:modified_time\" content=\"2025-12-26T15:56:25+00:00\" \/>\n<meta property=\"og:image\" content=\"https:\/\/ravendesignestudio.com\/wp-content\/uploads\/2023\/06\/cropped-Diseno-sin-titulo-10-2.png\" \/>\n\t<meta property=\"og:image:width\" content=\"512\" \/>\n\t<meta property=\"og:image:height\" content=\"512\" \/>\n\t<meta property=\"og:image:type\" content=\"image\/png\" \/>\n<meta name=\"twitter:card\" content=\"summary_large_image\" \/>\n<script type=\"application\/ld+json\" class=\"yoast-schema-graph\">{\"@context\":\"https:\\\/\\\/schema.org\",\"@graph\":[{\"@type\":\"WebPage\",\"@id\":\"https:\\\/\\\/ravendesignestudio.com\\\/index.php\\\/servicios-2\\\/\",\"url\":\"https:\\\/\\\/ravendesignestudio.com\\\/index.php\\\/servicios-2\\\/\",\"name\":\"Servicios - DESARROLLO DE PAGINAS WEB\",\"isPartOf\":{\"@id\":\"https:\\\/\\\/ravendesignestudio.com\\\/#website\"},\"datePublished\":\"2025-12-26T13:26:59+00:00\",\"dateModified\":\"2025-12-26T15:56:25+00:00\",\"description\":\"DESARROLLO WEB- Elegimos juntos cada detalle de su sitio y la campa\u00f1a de marketing mas conveniente para su empresa. +54 91168650293\",\"breadcrumb\":{\"@id\":\"https:\\\/\\\/ravendesignestudio.com\\\/index.php\\\/servicios-2\\\/#breadcrumb\"},\"inLanguage\":\"en-US\",\"potentialAction\":[{\"@type\":\"ReadAction\",\"target\":[\"https:\\\/\\\/ravendesignestudio.com\\\/index.php\\\/servicios-2\\\/\"]}]},{\"@type\":\"BreadcrumbList\",\"@id\":\"https:\\\/\\\/ravendesignestudio.com\\\/index.php\\\/servicios-2\\\/#breadcrumb\",\"itemListElement\":[{\"@type\":\"ListItem\",\"position\":1,\"name\":\"Inicio\",\"item\":\"https:\\\/\\\/ravendesignestudio.com\\\/\"},{\"@type\":\"ListItem\",\"position\":2,\"name\":\"Servicios\"}]},{\"@type\":\"WebSite\",\"@id\":\"https:\\\/\\\/ravendesignestudio.com\\\/#website\",\"url\":\"https:\\\/\\\/ravendesignestudio.com\\\/\",\"name\":\"Raven Design Estudio\",\"description\":\"Dise\u00f1o de pagina web\",\"publisher\":{\"@id\":\"https:\\\/\\\/ravendesignestudio.com\\\/#organization\"},\"alternateName\":\"Desarrollo de paginas web\",\"potentialAction\":[{\"@type\":\"SearchAction\",\"target\":{\"@type\":\"EntryPoint\",\"urlTemplate\":\"https:\\\/\\\/ravendesignestudio.com\\\/?s={search_term_string}\"},\"query-input\":{\"@type\":\"PropertyValueSpecification\",\"valueRequired\":true,\"valueName\":\"search_term_string\"}}],\"inLanguage\":\"en-US\"},{\"@type\":\"Organization\",\"@id\":\"https:\\\/\\\/ravendesignestudio.com\\\/#organization\",\"name\":\"Raven Design Estudio\",\"alternateName\":\"Dise\u00f1o de paginas web\",\"url\":\"https:\\\/\\\/ravendesignestudio.com\\\/\",\"logo\":{\"@type\":\"ImageObject\",\"inLanguage\":\"en-US\",\"@id\":\"https:\\\/\\\/ravendesignestudio.com\\\/#\\\/schema\\\/logo\\\/image\\\/\",\"url\":\"https:\\\/\\\/ravendesignestudio.com\\\/wp-content\\\/uploads\\\/2023\\\/06\\\/cropped-logoravendesign.png\",\"contentUrl\":\"https:\\\/\\\/ravendesignestudio.com\\\/wp-content\\\/uploads\\\/2023\\\/06\\\/cropped-logoravendesign.png\",\"width\":380,\"height\":355,\"caption\":\"Raven Design Estudio\"},\"image\":{\"@id\":\"https:\\\/\\\/ravendesignestudio.com\\\/#\\\/schema\\\/logo\\\/image\\\/\"}}]}<\/script>\n<!-- \/ Yoast SEO plugin. -->","yoast_head_json":{"title":"Servicios - DESARROLLO DE PAGINAS WEB","description":"DESARROLLO WEB- Elegimos juntos cada detalle de su sitio y la campa\u00f1a de marketing mas conveniente para su empresa. +54 91168650293","robots":{"index":"index","follow":"follow","max-snippet":"max-snippet:-1","max-image-preview":"max-image-preview:large","max-video-preview":"max-video-preview:-1"},"canonical":"https:\/\/ravendesignestudio.com\/index.php\/servicios-2\/","og_locale":"en_US","og_type":"article","og_title":"Servicios - DESARROLLO DE PAGINAS WEB","og_description":"DESARROLLO WEB- Elegimos juntos cada detalle de su sitio y la campa\u00f1a de marketing mas conveniente para su empresa. +54 91168650293","og_url":"https:\/\/ravendesignestudio.com\/index.php\/servicios-2\/","og_site_name":"DESARROLLO DE PAGINAS WEB","article_modified_time":"2025-12-26T15:56:25+00:00","og_image":[{"width":512,"height":512,"url":"https:\/\/ravendesignestudio.com\/wp-content\/uploads\/2023\/06\/cropped-Diseno-sin-titulo-10-2.png","type":"image\/png"}],"twitter_card":"summary_large_image","schema":{"@context":"https:\/\/schema.org","@graph":[{"@type":"WebPage","@id":"https:\/\/ravendesignestudio.com\/index.php\/servicios-2\/","url":"https:\/\/ravendesignestudio.com\/index.php\/servicios-2\/","name":"Servicios - DESARROLLO DE PAGINAS WEB","isPartOf":{"@id":"https:\/\/ravendesignestudio.com\/#website"},"datePublished":"2025-12-26T13:26:59+00:00","dateModified":"2025-12-26T15:56:25+00:00","description":"DESARROLLO WEB- Elegimos juntos cada detalle de su sitio y la campa\u00f1a de marketing mas conveniente para su empresa. +54 91168650293","breadcrumb":{"@id":"https:\/\/ravendesignestudio.com\/index.php\/servicios-2\/#breadcrumb"},"inLanguage":"en-US","potentialAction":[{"@type":"ReadAction","target":["https:\/\/ravendesignestudio.com\/index.php\/servicios-2\/"]}]},{"@type":"BreadcrumbList","@id":"https:\/\/ravendesignestudio.com\/index.php\/servicios-2\/#breadcrumb","itemListElement":[{"@type":"ListItem","position":1,"name":"Inicio","item":"https:\/\/ravendesignestudio.com\/"},{"@type":"ListItem","position":2,"name":"Servicios"}]},{"@type":"WebSite","@id":"https:\/\/ravendesignestudio.com\/#website","url":"https:\/\/ravendesignestudio.com\/","name":"Raven Design Estudio","description":"Dise\u00f1o de pagina web","publisher":{"@id":"https:\/\/ravendesignestudio.com\/#organization"},"alternateName":"Desarrollo de paginas web","potentialAction":[{"@type":"SearchAction","target":{"@type":"EntryPoint","urlTemplate":"https:\/\/ravendesignestudio.com\/?s={search_term_string}"},"query-input":{"@type":"PropertyValueSpecification","valueRequired":true,"valueName":"search_term_string"}}],"inLanguage":"en-US"},{"@type":"Organization","@id":"https:\/\/ravendesignestudio.com\/#organization","name":"Raven Design Estudio","alternateName":"Dise\u00f1o de paginas web","url":"https:\/\/ravendesignestudio.com\/","logo":{"@type":"ImageObject","inLanguage":"en-US","@id":"https:\/\/ravendesignestudio.com\/#\/schema\/logo\/image\/","url":"https:\/\/ravendesignestudio.com\/wp-content\/uploads\/2023\/06\/cropped-logoravendesign.png","contentUrl":"https:\/\/ravendesignestudio.com\/wp-content\/uploads\/2023\/06\/cropped-logoravendesign.png","width":380,"height":355,"caption":"Raven Design Estudio"},"image":{"@id":"https:\/\/ravendesignestudio.com\/#\/schema\/logo\/image\/"}}]}},"_hostinger_reach_plugin_has_subscription_block":false,"_hostinger_reach_plugin_is_elementor":false,"uagb_featured_image_src":{"full":false,"thumbnail":false,"medium":false,"medium_large":false,"large":false,"1536x1536":false,"2048x2048":false,"et-pb-post-main-image":false,"et-pb-post-main-image-fullwidth":false,"et-pb-portfolio-image":false,"et-pb-portfolio-module-image":false,"et-pb-portfolio-image-single":false,"et-pb-gallery-module-image-portrait":false,"et-pb-post-main-image-fullwidth-large":false,"et-pb-image--responsive--desktop":false,"et-pb-image--responsive--tablet":false,"et-pb-image--responsive--phone":false,"woocommerce_thumbnail":false,"woocommerce_single":false,"woocommerce_gallery_thumbnail":false},"uagb_author_info":{"display_name":"Posicionamiento Web","author_link":"https:\/\/ravendesignestudio.com\/index.php\/author\/ravendesignestudio-com\/"},"uagb_comment_info":0,"uagb_excerpt":"Servicios Dise\u00f1o y gestiono sistemas de marketing digital para empresas y profesionalesque necesitan generar consultas reales, no solo presencia online. Sistema Digital Completo La soluci\u00f3n integral: web + campa\u00f1as + medici\u00f3n. Ideal para empezar bien desde el inicio Google Ads (B\u00fasqueda) Captaci\u00f3n de clientes cuando ya est\u00e1n buscando tu servicio. Alta intenci\u00f3n \u00b7 resultados medibles&hellip;","_links":{"self":[{"href":"https:\/\/ravendesignestudio.com\/index.php\/wp-json\/wp\/v2\/pages\/2384","targetHints":{"allow":["GET"]}}],"collection":[{"href":"https:\/\/ravendesignestudio.com\/index.php\/wp-json\/wp\/v2\/pages"}],"about":[{"href":"https:\/\/ravendesignestudio.com\/index.php\/wp-json\/wp\/v2\/types\/page"}],"author":[{"embeddable":true,"href":"https:\/\/ravendesignestudio.com\/index.php\/wp-json\/wp\/v2\/users\/1"}],"replies":[{"embeddable":true,"href":"https:\/\/ravendesignestudio.com\/index.php\/wp-json\/wp\/v2\/comments?post=2384"}],"version-history":[{"count":5,"href":"https:\/\/ravendesignestudio.com\/index.php\/wp-json\/wp\/v2\/pages\/2384\/revisions"}],"predecessor-version":[{"id":2395,"href":"https:\/\/ravendesignestudio.com\/index.php\/wp-json\/wp\/v2\/pages\/2384\/revisions\/2395"}],"wp:attachment":[{"href":"https:\/\/ravendesignestudio.com\/index.php\/wp-json\/wp\/v2\/media?parent=2384"}],"curies":[{"name":"wp","href":"https:\/\/api.w.org\/{rel}","templated":true}]}}